{"id":23,"date":"2021-09-15T01:28:56","date_gmt":"2021-09-15T01:28:56","guid":{"rendered":"https:\/\/freioscatapano.com.br\/portal\/?page_id=23"},"modified":"2021-09-15T02:33:28","modified_gmt":"2021-09-15T02:33:28","slug":"localizacao","status":"publish","type":"page","link":"https:\/\/freioscatapano.com.br\/portal\/?page_id=23","title":{"rendered":"LOCALIZA\u00c7\u00c3O"},"content":{"rendered":"<blockquote><p><strong>Rod Jos\u00e9 Santa Rosa, 1550<\/strong><br \/>\n<strong>(Limeira &#8211; Arthur Nogueira km 01)<\/strong><br \/>\n<strong>Bairro Ribeir\u00e3o do Pinhal &#8211; Limeira SP<\/strong><\/p><\/blockquote>\n<p><iframe style=\"border: 0;\" src=\"https:\/\/www.google.com\/maps\/embed?pb=!1m14!1m8!1m3!1d14738.944464272345!2d-47.3525661!3d-22.5515558!3m2!1i1024!2i768!4f13.1!3m3!1m2!1s0x0%3A0x1473a28222c500d0!2sFreios%20Catapano%20Eireli!5e0!3m2!1spt-BR!2sbr!4v1631671510651!5m2!1spt-BR!2sbr\" width=\"100%\" height=\"750\" allowfullscreen=\"allowfullscreen\"><span data-mce-type=\"bookmark\" style=\"display: inline-block; width: 0px; overflow: hidden; line-height: 0;\" class=\"mce_SELRES_start\">\ufeff<\/span><\/iframe><\/p>\n","protected":false},"excerpt":{"rendered":"<p>Rod Jos\u00e9 Santa Rosa, 1550 (Limeira &#8211; Arthur Nogueira km 01) Bairro Ribeir\u00e3o do Pinhal &#8211; Limeira SP \ufeff<\/p>\n","protected":false},"author":1,"featured_media":0,"parent":0,"menu_order":0,"comment_status":"closed","ping_status":"closed","template":"","meta":{"footnotes":""},"class_list":["post-23","page","type-page","status-publish","hentry"],"_links":{"self":[{"href":"https:\/\/freioscatapano.com.br\/portal\/index.php?rest_route=\/wp\/v2\/pages\/23","targetHints":{"allow":["GET"]}}],"collection":[{"href":"https:\/\/freioscatapano.com.br\/portal\/index.php?rest_route=\/wp\/v2\/pages"}],"about":[{"href":"https:\/\/freioscatapano.com.br\/portal\/index.php?rest_route=\/wp\/v2\/types\/page"}],"author":[{"embeddable":true,"href":"https:\/\/freioscatapano.com.br\/portal\/index.php?rest_route=\/wp\/v2\/users\/1"}],"replies":[{"embeddable":true,"href":"https:\/\/freioscatapano.com.br\/portal\/index.php?rest_route=%2Fwp%2Fv2%2Fcomments&post=23"}],"version-history":[{"count":3,"href":"https:\/\/freioscatapano.com.br\/portal\/index.php?rest_route=\/wp\/v2\/pages\/23\/revisions"}],"predecessor-version":[{"id":82,"href":"https:\/\/freioscatapano.com.br\/portal\/index.php?rest_route=\/wp\/v2\/pages\/23\/revisions\/82"}],"wp:attachment":[{"href":"https:\/\/freioscatapano.com.br\/portal\/index.php?rest_route=%2Fwp%2Fv2%2Fmedia&parent=23"}],"curies":[{"name":"wp","href":"https:\/\/api.w.org\/{rel}","templated":true}]}}